{"id":68,"date":"2018-08-09T17:04:53","date_gmt":"2018-08-09T15:04:53","guid":{"rendered":"http:\/\/versoi.be\/?page_id=68"},"modified":"2018-11-15T11:50:26","modified_gmt":"2018-11-15T10:50:26","slug":"le-shiatsu","status":"publish","type":"page","link":"https:\/\/versoi.be\/index.php\/le-shiatsu\/","title":{"rendered":"le Shiatsu"},"content":{"rendered":"\t\t<div class=\"elementor elementor-68\">\n\t\t\t<div class=\"elementor-inner\">\n\t\t\t\t<div class=\"elementor-section-wrap\">\n\t\t\t\t\t\t\t<section data-id=\"2afadc9\" class=\"elementor-element elementor-element-2afadc9 elementor-section-content-middle elementor-section-boxed elementor-section-height-default elementor-section-height-default elementor-section elementor-top-section\" data-settings=\"{&quot;background_background&quot;:&quot;classic&quot;}\" data-element_type=\"section\">\n\t\t\t\t\t\t<div class=\"elementor-container elementor-column-gap-no\">\n\t\t\t\t<div class=\"elementor-row\">\n\t\t\t\t<div data-id=\"5fd2fc04\" class=\"elementor-element elementor-element-5fd2fc04 elementor-column elementor-col-50 elementor-top-column\" data-element_type=\"column\">\n\t\t\t<div class=\"elementor-column-wrap elementor-element-populated\">\n\t\t\t\t\t<div class=\"elementor-widget-wrap\">\n\t\t\t\t<div data-id=\"1eda862c\" class=\"elementor-element elementor-element-1eda862c elementor-widget elementor-widget-heading\" data-element_type=\"heading.default\">\n\t\t\t\t<div class=\"elementor-widget-container\">\n\t\t\t<h3 class=\"elementor-heading-title elementor-size-default\">L'harmonie du corps \n<br>et de l'esprit<\/h3>\t\t<\/div>\n\t\t\t\t<\/div>\n\t\t\t\t\t\t<\/div>\n\t\t\t<\/div>\n\t\t<\/div>\n\t\t\t\t<div data-id=\"9052327\" class=\"elementor-element elementor-element-9052327 elementor-column elementor-col-50 elementor-top-column\" data-element_type=\"column\">\n\t\t\t<div class=\"elementor-column-wrap elementor-element-populated\">\n\t\t\t\t\t<div class=\"elementor-widget-wrap\">\n\t\t\t\t<div data-id=\"24fd27d9\" class=\"elementor-element elementor-element-24fd27d9 elementor-widget elementor-widget-divider\" data-element_type=\"divider.default\">\n\t\t\t\t<div class=\"elementor-widget-container\">\n\t\t\t\t\t<div class=\"elementor-divider\">\n\t\t\t<span class=\"elementor-divider-separator\"><\/span>\n\t\t<\/div>\n\t\t\t\t<\/div>\n\t\t\t\t<\/div>\n\t\t\t\t<section data-id=\"42d79636\" class=\"elementor-element elementor-element-42d79636 elementor-section-content-middle elementor-reverse-mobile elementor-section-boxed elementor-section-height-default elementor-section-height-default elementor-section elementor-inner-section\" data-element_type=\"section\">\n\t\t\t\t\t\t<div class=\"elementor-container elementor-column-gap-default\">\n\t\t\t\t<div class=\"elementor-row\">\n\t\t\t\t<div data-id=\"30eebb27\" class=\"elementor-element elementor-element-30eebb27 elementor-column elementor-col-100 elementor-inner-column\" data-element_type=\"column\">\n\t\t\t<div class=\"elementor-column-wrap elementor-element-populated\">\n\t\t\t\t\t<div class=\"elementor-widget-wrap\">\n\t\t\t\t<div data-id=\"42634a8b\" class=\"elementor-element elementor-element-42634a8b elementor-widget elementor-widget-text-editor\" data-element_type=\"text-editor.default\">\n\t\t\t\t<div class=\"elementor-widget-container\">\n\t\t\t\t\t<div class=\"elementor-text-editor elementor-clearfix\"><p class=\"p1\">Rien ne contribue davantage \u00e0 notre harmonie avec les autres que d\u2019\u00eatre d\u2019abord en harmonie avec soi-m\u00eame.<\/p><p class=\"p1\">Le Shiatsu est une pratique japonaise de sant\u00e9 qui vise la relaxation et le bien-\u00eatre en r\u00e9\u00e9quilibrant et en activant la capacit\u00e9 d\u2019auto-gu\u00e9rison du corps.<\/p><\/div>\n\t\t\t\t<\/div>\n\t\t\t\t<\/div>\n\t\t\t\t\t\t<\/div>\n\t\t\t<\/div>\n\t\t<\/div>\n\t\t\t\t\t\t<\/div>\n\t\t\t<\/div>\n\t\t<\/section>\n\t\t\t\t\t\t<\/div>\n\t\t\t<\/div>\n\t\t<\/div>\n\t\t\t\t\t\t<\/div>\n\t\t\t<\/div>\n\t\t<\/section>\n\t\t\t\t<section data-id=\"04e6c73\" class=\"elementor-element elementor-element-04e6c73 elementor-section-boxed elementor-section-height-default elementor-section-height-default elementor-section elementor-top-section\" data-element_type=\"section\">\n\t\t\t\t\t\t<div class=\"elementor-container elementor-column-gap-default\">\n\t\t\t\t<div class=\"elementor-row\">\n\t\t\t\t<div data-id=\"fba0218\" class=\"elementor-element elementor-element-fba0218 elementor-column elementor-col-50 elementor-top-column\" data-element_type=\"column\">\n\t\t\t<div class=\"elementor-column-wrap elementor-element-populated\">\n\t\t\t\t\t<div class=\"elementor-widget-wrap\">\n\t\t\t\t<div data-id=\"890ff27\" class=\"elementor-element elementor-element-890ff27 elementor-widget elementor-widget-image\" data-element_type=\"image.default\">\n\t\t\t\t<div class=\"elementor-widget-container\">\n\t\t\t\t\t<div class=\"elementor-image\">\n\t\t\t\t\t\t\t\t\t\t<img width=\"730\" height=\"485\" src=\"https:\/\/versoi.be\/wp-content\/uploads\/2018\/08\/versoi-shiatsu-compression-1024x681.jpg\" class=\"attachment-large size-large\" alt=\"\" loading=\"lazy\" srcset=\"https:\/\/versoi.be\/wp-content\/uploads\/2018\/08\/versoi-shiatsu-compression-1024x681.jpg 1024w, https:\/\/versoi.be\/wp-content\/uploads\/2018\/08\/versoi-shiatsu-compression-300x200.jpg 300w, https:\/\/versoi.be\/wp-content\/uploads\/2018\/08\/versoi-shiatsu-compression-768x511.jpg 768w, https:\/\/versoi.be\/wp-content\/uploads\/2018\/08\/versoi-shiatsu-compression-450x300.jpg 450w, https:\/\/versoi.be\/wp-content\/uploads\/2018\/08\/versoi-shiatsu-compression.jpg 1106w\" sizes=\"(max-width: 730px) 100vw, 730px\" \/>\t\t\t\t\t\t\t\t\t\t\t<\/div>\n\t\t\t\t<\/div>\n\t\t\t\t<\/div>\n\t\t\t\t\t\t<\/div>\n\t\t\t<\/div>\n\t\t<\/div>\n\t\t\t\t<div data-id=\"24d268d\" class=\"elementor-element elementor-element-24d268d elementor-column elementor-col-50 elementor-top-column\" data-element_type=\"column\">\n\t\t\t<div class=\"elementor-column-wrap elementor-element-populated\">\n\t\t\t\t\t<div class=\"elementor-widget-wrap\">\n\t\t\t\t<div data-id=\"577082e\" class=\"elementor-element elementor-element-577082e elementor-widget elementor-widget-heading\" data-element_type=\"heading.default\">\n\t\t\t\t<div class=\"elementor-widget-container\">\n\t\t\t<h2 class=\"elementor-heading-title elementor-size-default\">SHI : doigts\n<br>ATSU : pression<\/h2>\t\t<\/div>\n\t\t\t\t<\/div>\n\t\t\t\t<div data-id=\"9f09b23\" class=\"elementor-element elementor-element-9f09b23 elementor-widget elementor-widget-text-editor\" data-element_type=\"text-editor.default\">\n\t\t\t\t<div class=\"elementor-widget-container\">\n\t\t\t\t\t<div class=\"elementor-text-editor elementor-clearfix\"><p class=\"p1\">Bas\u00e9e sur un syst\u00e8me de pressions le long du corps, cette technique de toucher si particuli\u00e8re vous aide \u00e0 d\u00e9nouer les tensions physiques et psychologiques.<\/p><\/div>\n\t\t\t\t<\/div>\n\t\t\t\t<\/div>\n\t\t\t\t<div data-id=\"60f71ec\" class=\"elementor-element elementor-element-60f71ec elementor-widget elementor-widget-heading\" data-element_type=\"heading.default\">\n\t\t\t\t<div class=\"elementor-widget-container\">\n\t\t\t<h2 class=\"elementor-heading-title elementor-size-default\">Pourquoi le Shiatsu?<\/h2>\t\t<\/div>\n\t\t\t\t<\/div>\n\t\t\t\t<div data-id=\"b7bd8a8\" class=\"elementor-element elementor-element-b7bd8a8 elementor-widget elementor-widget-text-editor\" data-element_type=\"text-editor.default\">\n\t\t\t\t<div class=\"elementor-widget-container\">\n\t\t\t\t\t<div class=\"elementor-text-editor elementor-clearfix\"><p class=\"p2\">Le shiatsu permet de soulager bien des maux: le mal de dos, les migraines, les troubles de l\u2019appareil digestif et\/ou respiratoire, une mauvaise circulation sanguine, les douleurs articulaires&#8230; Il est \u00e9galement tr\u00e8s efficace pour lutter contre le stress, la fatigue, la d\u00e9pression, l\u2019anxi\u00e9t\u00e9 et l\u2019insomnie.<\/p><\/div>\n\t\t\t\t<\/div>\n\t\t\t\t<\/div>\n\t\t\t\t<div data-id=\"845fda0\" class=\"elementor-element elementor-element-845fda0 elementor-widget elementor-widget-heading\" data-element_type=\"heading.default\">\n\t\t\t\t<div class=\"elementor-widget-container\">\n\t\t\t<h2 class=\"elementor-heading-title elementor-size-default\">En pratique<\/h2>\t\t<\/div>\n\t\t\t\t<\/div>\n\t\t\t\t<div data-id=\"a297a59\" class=\"elementor-element elementor-element-a297a59 elementor-widget elementor-widget-text-editor\" data-element_type=\"text-editor.default\">\n\t\t\t\t<div class=\"elementor-widget-container\">\n\t\t\t\t\t<div class=\"elementor-text-editor elementor-clearfix\"><p class=\"p2\">Une s\u00e9ance dure environ une heure.<span class=\"Apple-converted-space\">\u00a0 <\/span>La personne est habill\u00e9e et allong\u00e9e sur un futon (matelas).<span class=\"Apple-converted-space\">\u00a0 <\/span>G\u00e9n\u00e9ralement, les personnes viennent faire une s\u00e9ance quand ils en ressentent le besoin, de fa\u00e7on hebdomadaire, bi-mensuelle ou mensuelle.<\/p><\/div>\n\t\t\t\t<\/div>\n\t\t\t\t<\/div>\n\t\t\t\t\t\t<\/div>\n\t\t\t<\/div>\n\t\t<\/div>\n\t\t\t\t\t\t<\/div>\n\t\t\t<\/div>\n\t\t<\/section>\n\t\t\t\t\t\t<\/div>\n\t\t\t<\/div>\n\t\t<\/div>\n\t\t","protected":false},"excerpt":{"rendered":"<p>L&rsquo;harmonie du corps et de l&rsquo;esprit Rien ne contribue davantage \u00e0 notre harmonie avec les autres que d\u2019\u00eatre d\u2019abord en harmonie avec soi-m\u00eame. Le Shiatsu est une pratique japonaise de sant\u00e9 qui vise la relaxation et le bien-\u00eatre en r\u00e9\u00e9quilibrant <a href=\"https:\/\/versoi.be\/index.php\/le-shiatsu\/\"> Read more&#8230;<\/a><\/p>\n","protected":false},"author":1,"featured_media":0,"parent":0,"menu_order":0,"comment_status":"closed","ping_status":"closed","template":"","meta":[],"_links":{"self":[{"href":"https:\/\/versoi.be\/index.php\/wp-json\/wp\/v2\/pages\/68"}],"collection":[{"href":"https:\/\/versoi.be\/index.php\/wp-json\/wp\/v2\/pages"}],"about":[{"href":"https:\/\/versoi.be\/index.php\/wp-json\/wp\/v2\/types\/page"}],"author":[{"embeddable":true,"href":"https:\/\/versoi.be\/index.php\/wp-json\/wp\/v2\/users\/1"}],"replies":[{"embeddable":true,"href":"https:\/\/versoi.be\/index.php\/wp-json\/wp\/v2\/comments?post=68"}],"version-history":[{"count":8,"href":"https:\/\/versoi.be\/index.php\/wp-json\/wp\/v2\/pages\/68\/revisions"}],"predecessor-version":[{"id":91,"href":"https:\/\/versoi.be\/index.php\/wp-json\/wp\/v2\/pages\/68\/revisions\/91"}],"wp:attachment":[{"href":"https:\/\/versoi.be\/index.php\/wp-json\/wp\/v2\/media?parent=68"}],"curies":[{"name":"wp","href":"https:\/\/api.w.org\/{rel}","templated":true}]}}