{"id":6,"date":"2018-08-09T13:44:57","date_gmt":"2018-08-09T11:44:57","guid":{"rendered":"http:\/\/versoi.be\/?page_id=6"},"modified":"2018-11-15T11:51:40","modified_gmt":"2018-11-15T10:51:40","slug":"accueil","status":"publish","type":"page","link":"https:\/\/versoi.be\/","title":{"rendered":"accueil"},"content":{"rendered":"\t\t<div class=\"elementor elementor-6\">\n\t\t\t<div class=\"elementor-inner\">\n\t\t\t\t<div class=\"elementor-section-wrap\">\n\t\t\t\t\t\t\t<section data-id=\"10d64a09\" class=\"elementor-element elementor-element-10d64a09 elementor-section-boxed elementor-section-height-default elementor-section-height-default elementor-section elementor-top-section\" data-settings=\"{&quot;background_background&quot;:&quot;classic&quot;}\" data-element_type=\"section\">\n\t\t\t\t\t\t<div class=\"elementor-container elementor-column-gap-default\">\n\t\t\t\t<div class=\"elementor-row\">\n\t\t\t\t<div data-id=\"1ea6ad3a\" class=\"elementor-element elementor-element-1ea6ad3a elementor-column elementor-col-100 elementor-top-column\" data-element_type=\"column\">\n\t\t\t<div class=\"elementor-column-wrap elementor-element-populated\">\n\t\t\t\t\t<div class=\"elementor-widget-wrap\">\n\t\t\t\t<div data-id=\"50ff2018\" class=\"elementor-element elementor-element-50ff2018 elementor-widget elementor-widget-heading\" data-element_type=\"heading.default\">\n\t\t\t\t<div class=\"elementor-widget-container\">\n\t\t\t<h2 class=\"elementor-heading-title elementor-size-large\">Il est temps <br>de prendre soin <br>de vous<\/h2>\t\t<\/div>\n\t\t\t\t<\/div>\n\t\t\t\t<div data-id=\"22899677\" class=\"elementor-element elementor-element-22899677 elementor-widget elementor-widget-text-editor\" data-element_type=\"text-editor.default\">\n\t\t\t\t<div class=\"elementor-widget-container\">\n\t\t\t\t\t<div class=\"elementor-text-editor elementor-clearfix\"><p>Le Shiatsu est une pratique japonaise de sant\u00e9 qui vise la relaxation et le bien-\u00eatre en r\u00e9\u00e9quilibrant et en activant la capacit\u00e9 d\u2019auto-gu\u00e9rison du corps.<\/p><\/div>\n\t\t\t\t<\/div>\n\t\t\t\t<\/div>\n\t\t\t\t<div data-id=\"7ef3ce92\" class=\"elementor-element elementor-element-7ef3ce92 elementor-align-left elementor-tablet-align-center elementor-mobile-align-center elementor-widget elementor-widget-button\" data-element_type=\"button.default\">\n\t\t\t\t<div class=\"elementor-widget-container\">\n\t\t\t\t\t<div class=\"elementor-button-wrapper\">\n\t\t\t<a href=\"http:\/\/versoi.be\/index.php\/le-shiatsu\/\" class=\"elementor-button-link elementor-button elementor-size-sm\" role=\"button\">\n\t\t\t\t\t\t<span class=\"elementor-button-content-wrapper\">\n\t\t\t\t\t\t<span class=\"elementor-button-icon elementor-align-icon-right\">\n\t\t\t\t<i class=\"fa fa-caret-right\" aria-hidden=\"true\"><\/i>\n\t\t\t<\/span>\n\t\t\t\t\t\t<span class=\"elementor-button-text\">En savoir plus?<\/span>\n\t\t<\/span>\n\t\t\t\t\t<\/a>\n\t\t<\/div>\n\t\t\t\t<\/div>\n\t\t\t\t<\/div>\n\t\t\t\t\t\t<\/div>\n\t\t\t<\/div>\n\t\t<\/div>\n\t\t\t\t\t\t<\/div>\n\t\t\t<\/div>\n\t\t<\/section>\n\t\t\t\t<section data-id=\"53318078\" class=\"elementor-element elementor-element-53318078 elementor-section-boxed elementor-section-height-default elementor-section-height-default elementor-section elementor-top-section\" data-settings=\"{&quot;background_background&quot;:&quot;classic&quot;}\" data-element_type=\"section\">\n\t\t\t\t\t\t<div class=\"elementor-container elementor-column-gap-default\">\n\t\t\t\t<div class=\"elementor-row\">\n\t\t\t\t<div data-id=\"27a571f4\" class=\"elementor-element elementor-element-27a571f4 elementor-column elementor-col-33 elementor-top-column\" data-element_type=\"column\">\n\t\t\t<div class=\"elementor-column-wrap elementor-element-populated\">\n\t\t\t\t\t<div class=\"elementor-widget-wrap\">\n\t\t\t\t<div data-id=\"26fc22f1\" class=\"elementor-element elementor-element-26fc22f1 elementor-position-top elementor-vertical-align-top elementor-widget elementor-widget-image-box\" data-element_type=\"image-box.default\">\n\t\t\t\t<div class=\"elementor-widget-container\">\n\t\t\t<div class=\"elementor-image-box-wrapper\"><figure class=\"elementor-image-box-img\"><img width=\"143\" height=\"143\" src=\"https:\/\/versoi.be\/wp-content\/uploads\/2018\/09\/picto-accueil-harmonie.png\" class=\"attachment-full size-full\" alt=\"\" loading=\"lazy\" srcset=\"https:\/\/versoi.be\/wp-content\/uploads\/2018\/09\/picto-accueil-harmonie.png 143w, https:\/\/versoi.be\/wp-content\/uploads\/2018\/09\/picto-accueil-harmonie-90x90.png 90w\" sizes=\"(max-width: 143px) 100vw, 143px\" \/><\/figure><div class=\"elementor-image-box-content\"><h3 class=\"elementor-image-box-title\">Harmonie<\/h3><p class=\"elementor-image-box-description\">Retrouver le calme et le sommeil, r\u00e9cup\u00e9rer son dynamisme ;\nr\u00e9sorber les tensions physiques ou psychiques, le Shiatsu vous aidera a \u00eatre en harmonie avec votre corps.<\/p><\/div><\/div>\t\t<\/div>\n\t\t\t\t<\/div>\n\t\t\t\t\t\t<\/div>\n\t\t\t<\/div>\n\t\t<\/div>\n\t\t\t\t<div data-id=\"674f97f8\" class=\"elementor-element elementor-element-674f97f8 elementor-column elementor-col-33 elementor-top-column\" data-element_type=\"column\">\n\t\t\t<div class=\"elementor-column-wrap elementor-element-populated\">\n\t\t\t\t\t<div class=\"elementor-widget-wrap\">\n\t\t\t\t<div data-id=\"57b9926c\" class=\"elementor-element elementor-element-57b9926c elementor-position-top elementor-vertical-align-top elementor-widget elementor-widget-image-box\" data-element_type=\"image-box.default\">\n\t\t\t\t<div class=\"elementor-widget-container\">\n\t\t\t<div class=\"elementor-image-box-wrapper\"><figure class=\"elementor-image-box-img\"><img width=\"143\" height=\"143\" src=\"https:\/\/versoi.be\/wp-content\/uploads\/2018\/09\/picto-accueil-sante.png\" class=\"attachment-full size-full\" alt=\"\" loading=\"lazy\" srcset=\"https:\/\/versoi.be\/wp-content\/uploads\/2018\/09\/picto-accueil-sante.png 143w, https:\/\/versoi.be\/wp-content\/uploads\/2018\/09\/picto-accueil-sante-90x90.png 90w\" sizes=\"(max-width: 143px) 100vw, 143px\" \/><\/figure><div class=\"elementor-image-box-content\"><h3 class=\"elementor-image-box-title\">Sant\u00e9<\/h3><p class=\"elementor-image-box-description\">Le Shiatsu aide \u00e0 pr\u00e9venir les troubles digestifs, la constipation, les \u00e9tats d\u00e9pressifs, certaines causes de migraine, les effets du stress (burn out\u2026)\nMais aussi \u00e0 r\u00e9sorber les contractures musculaires et articulaires des diff\u00e9rentes partie du corps (sportifs\u2026)<\/p><\/div><\/div>\t\t<\/div>\n\t\t\t\t<\/div>\n\t\t\t\t\t\t<\/div>\n\t\t\t<\/div>\n\t\t<\/div>\n\t\t\t\t<div data-id=\"2f7e4450\" class=\"elementor-element elementor-element-2f7e4450 elementor-column elementor-col-33 elementor-top-column\" data-element_type=\"column\">\n\t\t\t<div class=\"elementor-column-wrap elementor-element-populated\">\n\t\t\t\t\t<div class=\"elementor-widget-wrap\">\n\t\t\t\t<div data-id=\"71844192\" class=\"elementor-element elementor-element-71844192 elementor-position-top elementor-vertical-align-top elementor-widget elementor-widget-image-box\" data-element_type=\"image-box.default\">\n\t\t\t\t<div class=\"elementor-widget-container\">\n\t\t\t<div class=\"elementor-image-box-wrapper\"><figure class=\"elementor-image-box-img\"><img width=\"143\" height=\"143\" src=\"https:\/\/versoi.be\/wp-content\/uploads\/2018\/09\/picto-accueil-bonus.png\" class=\"attachment-full size-full\" alt=\"\" loading=\"lazy\" srcset=\"https:\/\/versoi.be\/wp-content\/uploads\/2018\/09\/picto-accueil-bonus.png 143w, https:\/\/versoi.be\/wp-content\/uploads\/2018\/09\/picto-accueil-bonus-90x90.png 90w\" sizes=\"(max-width: 143px) 100vw, 143px\" \/><\/figure><div class=\"elementor-image-box-content\"><h3 class=\"elementor-image-box-title\">Bonus<\/h3><p class=\"elementor-image-box-description\">Le shiatsu ne vise pas \u00e0 se substituer \u00e0 un avis m\u00e9dical. Il se propose uniquement en compl\u00e9ment efficace au travail du m\u00e9decin ou autres professionnels de la sant\u00e9 en vue d\u2019atteindre un bien-\u00eatre optimal.<\/p><\/div><\/div>\t\t<\/div>\n\t\t\t\t<\/div>\n\t\t\t\t\t\t<\/div>\n\t\t\t<\/div>\n\t\t<\/div>\n\t\t\t\t\t\t<\/div>\n\t\t\t<\/div>\n\t\t<\/section>\n\t\t\t\t\t\t<\/div>\n\t\t\t<\/div>\n\t\t<\/div>\n\t\t","protected":false},"excerpt":{"rendered":"<p>Il est temps de prendre soin de vous Le Shiatsu est une pratique japonaise de sant\u00e9 qui vise la relaxation et le bien-\u00eatre en r\u00e9\u00e9quilibrant et en activant la capacit\u00e9 d\u2019auto-gu\u00e9rison du corps. En savoir plus? Harmonie Retrouver le calme <a href=\"https:\/\/versoi.be\/\"> Read more&#8230;<\/a><\/p>\n","protected":false},"author":1,"featured_media":0,"parent":0,"menu_order":0,"comment_status":"closed","ping_status":"closed","template":"template-full-width-page-builder.php","meta":[],"_links":{"self":[{"href":"https:\/\/versoi.be\/index.php\/wp-json\/wp\/v2\/pages\/6"}],"collection":[{"href":"https:\/\/versoi.be\/index.php\/wp-json\/wp\/v2\/pages"}],"about":[{"href":"https:\/\/versoi.be\/index.php\/wp-json\/wp\/v2\/types\/page"}],"author":[{"embeddable":true,"href":"https:\/\/versoi.be\/index.php\/wp-json\/wp\/v2\/users\/1"}],"replies":[{"embeddable":true,"href":"https:\/\/versoi.be\/index.php\/wp-json\/wp\/v2\/comments?post=6"}],"version-history":[{"count":10,"href":"https:\/\/versoi.be\/index.php\/wp-json\/wp\/v2\/pages\/6\/revisions"}],"predecessor-version":[{"id":89,"href":"https:\/\/versoi.be\/index.php\/wp-json\/wp\/v2\/pages\/6\/revisions\/89"}],"wp:attachment":[{"href":"https:\/\/versoi.be\/index.php\/wp-json\/wp\/v2\/media?parent=6"}],"curies":[{"name":"wp","href":"https:\/\/api.w.org\/{rel}","templated":true}]}}